{"id":6,"date":"2015-12-05T22:44:06","date_gmt":"2015-12-05T20:44:06","guid":{"rendered":"http:\/\/www.mesutergin.av.tr\/?page_id=6"},"modified":"2021-03-21T14:52:07","modified_gmt":"2021-03-21T11:52:07","slug":"hakkimizda","status":"publish","type":"page","link":"https:\/\/www.mesutergin.av.tr\/index.php\/hakkimizda\/","title":{"rendered":"Hakk\u0131m\u0131zda"},"content":{"rendered":"\n<style type=\"text\/css\" data-created_by=\"avia_inline_auto\" id=\"style-css-av-kdyvwj0t-9550aeac18adc388bfa264a0793d6334\">\n.avia-image-container.av-kdyvwj0t-9550aeac18adc388bfa264a0793d6334 img.avia_image{\nbox-shadow:none;\n}\n.avia-image-container.av-kdyvwj0t-9550aeac18adc388bfa264a0793d6334 .av-image-caption-overlay-center{\ncolor:#ffffff;\n}\n<\/style>\n<div  class='avia-image-container av-kdyvwj0t-9550aeac18adc388bfa264a0793d6334 av-styling- avia-align-center  avia-builder-el-0  el_before_av_textblock  avia-builder-el-first '   itemprop=\"image\" itemscope=\"itemscope\" itemtype=\"https:\/\/schema.org\/ImageObject\" ><div class=\"avia-image-container-inner\"><div class=\"avia-image-overlay-wrap\"><img fetchpriority=\"high\" class='wp-image-265 avia-img-lazy-loading-not-265 avia_image ' src='https:\/\/i0.wp.com\/www.mesutergin.av.tr\/wp-content\/uploads\/2021\/03\/buro-resim.jpg?fit=300%2C225&ssl=1' alt='' title='b\u00fcro resim'  height=\"225\" width=\"300\"  itemprop=\"thumbnailUrl\"  \/><\/div><\/div><\/div>\n<section  class='av_textblock_section av-kcygdphp-332579df661e882d9400332f433ce07e '   itemscope=\"itemscope\" itemtype=\"https:\/\/schema.org\/CreativeWork\" ><div class='avia_textblock'  itemprop=\"text\" ><p>HAKKIMIZDA<br \/>\nErgin Hukuk B\u00fcrosu 1998 y\u0131l\u0131nda Avukat Mesut Ergin taraf\u0131ndan kurulmu\u015ftur.Aradan ge\u00e7en 22 y\u0131ll\u0131k s\u00fcre\u00e7te hukukun de\u011fi\u015fik alanlar\u0131nda bir\u00e7ok davalar \u00fcstlenilmi\u015f,\u015firketlere hukuki dan\u0131\u015fmanl\u0131k hizmetleri verilmi\u015ftir.<br \/>\nKuruldu\u011fu tarihten bu yana Ergin Hukuk B\u00fcrosunun \u00f6ncelikli hedefi m\u00fcvekkilleriyle uzun soluklu ve g\u00fcvene dayal\u0131 ili\u015fkiler kurmakt\u0131r.<br \/>\nAntalya avukat ofisimiz G\u00fcll\u00fck Caddesi Selekler i\u015f merkezi yan\u0131nda ula\u015f\u0131m olarak son derece kolay bir lokasyonda olup hukukun de\u011fi\u015fik dallar\u0131nda m\u00fcvekkillerine hizmet vermektedir.<br \/>\nErgin Hukuk B\u00fcrosu olarak ayr\u0131ca \u015firketlere hukuki dan\u0131\u015fmanl\u0131k hizmeti de verilmektedir. Y\u0131llard\u0131r pek \u00e7ok \u015firkete dan\u0131\u015fmanl\u0131k yap\u0131lm\u0131\u015f olup b\u00f6ylece sorunlar daha do\u011fmadan \u00e7\u00f6z\u00fclmektedir. Bu husus \u00e7ok \u00f6nemlidir. \u00c7\u00fcnk\u00fc y\u0131llard\u0131r g\u00f6zlemlenen bir eksiklik olarak bir sorun do\u011fduktan sonra avukata gidildi\u011finde baz\u0131 \u015feyler i\u00e7in ge\u00e7 kal\u0131nabilmektedir. Yerine getirilmesi gereken baz\u0131 hukuki y\u00fck\u00fcml\u00fcl\u00fckler zaman\u0131nda yerine getirilmedi\u011fi i\u00e7in sorunlarla kar\u015f\u0131la\u015f\u0131lmakta bazen avukatlar\u0131n da yapabilece\u011fi pek bir \u015fey kalmamaktad\u0131r. Onun i\u00e7in hukuki dan\u0131\u015fmanl\u0131k \u00f6nleyici hukuk a\u00e7\u0131s\u0131ndan \u00e7ok \u00f6nem arz eden bir kurumdur. G\u00fcn\u00fcm\u00fczde kurumsalla\u015fm\u0131\u015f \u015firketlerin art\u0131k bunun \u00f6nemini anlad\u0131\u011f\u0131 ve bir sorun \u00e7\u0131kt\u0131\u011f\u0131nda avukata gitmek ve b\u00f6ylece bazen daha b\u00fcy\u00fck zararlara u\u011framak yerine daimi bir hukuk dan\u0131\u015fman\u0131 ile \u00e7al\u0131\u015fmaya \u00f6nem verdikleri g\u00f6r\u00fclmektedir.<br \/>\nErgin Hukuk B\u00fcrosu \u00e7e\u015fitli koruyucu ve \u00f6nleyici hukuki tavsiyelerle m\u00fcvekkillerini bilgilendirerek uyu\u015fmazl\u0131\u011f\u0131 daha ortaya \u00e7\u0131kmadan \u00f6nleme ad\u0131na y\u0131llard\u0131r m\u00fcvekkillerine hukuki dan\u0131\u015fmanl\u0131k hizmeti vermektedir.<br \/>\nHukuk b\u00fcromuz \u00f6n\u00fcne gelen hukuki bir sorunu t\u00fcm ayr\u0131nt\u0131lar\u0131yla ele almakta, o konuda en g\u00fcncel Yarg\u0131tay kararlar\u0131 taranarak sonuca gidilmektedir.<br \/>\nG\u00f6revimizi yaparken \u00f6ncelikli hedefimiz hukukun \u00fcst\u00fcnl\u00fc\u011f\u00fc ve adaletin tecelli etmesidir.<\/p>\n<\/div><\/section>\n","protected":false},"excerpt":{"rendered":"","protected":false},"author":1,"featured_media":0,"parent":0,"menu_order":0,"comment_status":"closed","ping_status":"closed","template":"","meta":{"googlesitekit_rrm_CAowsPbCDA:productID":"","footnotes":""},"class_list":["post-6","page","type-page","status-publish","hentry"],"jetpack-related-posts":[],"jetpack_sharing_enabled":true,"_links":{"self":[{"href":"https:\/\/www.mesutergin.av.tr\/index.php\/wp-json\/wp\/v2\/pages\/6","targetHints":{"allow":["GET"]}}],"collection":[{"href":"https:\/\/www.mesutergin.av.tr\/index.php\/wp-json\/wp\/v2\/pages"}],"about":[{"href":"https:\/\/www.mesutergin.av.tr\/index.php\/wp-json\/wp\/v2\/types\/page"}],"author":[{"embeddable":true,"href":"https:\/\/www.mesutergin.av.tr\/index.php\/wp-json\/wp\/v2\/users\/1"}],"replies":[{"embeddable":true,"href":"https:\/\/www.mesutergin.av.tr\/index.php\/wp-json\/wp\/v2\/comments?post=6"}],"version-history":[{"count":16,"href":"https:\/\/www.mesutergin.av.tr\/index.php\/wp-json\/wp\/v2\/pages\/6\/revisions"}],"predecessor-version":[{"id":266,"href":"https:\/\/www.mesutergin.av.tr\/index.php\/wp-json\/wp\/v2\/pages\/6\/revisions\/266"}],"wp:attachment":[{"href":"https:\/\/www.mesutergin.av.tr\/index.php\/wp-json\/wp\/v2\/media?parent=6"}],"curies":[{"name":"wp","href":"https:\/\/api.w.org\/{rel}","templated":true}]}}