{"id":30,"date":"2016-01-24T10:49:32","date_gmt":"2016-01-24T08:49:32","guid":{"rendered":"http:\/\/www.mesutergin.av.tr\/?page_id=30"},"modified":"2022-05-10T13:52:15","modified_gmt":"2022-05-10T10:52:15","slug":"iletisim","status":"publish","type":"page","link":"https:\/\/www.mesutergin.av.tr\/index.php\/iletisim\/","title":{"rendered":"\u0130leti\u015fim"},"content":{"rendered":"<section  class='av_textblock_section av-kcyg540h-3a8544e1eacea8c8b3c56616bbabf29f '   itemscope=\"itemscope\" itemtype=\"https:\/\/schema.org\/CreativeWork\" ><div class='avia_textblock'  itemprop=\"text\" ><h2 style=\"text-align: center;\"><span style=\"color: #3366ff;\">Ergin Hukuk B\u00fcrosu<\/span><\/h2>\n<h3 style=\"text-align: center;\"><span style=\"color: #3366ff;\">Av. Mesut ERG\u0130N<\/span><\/h3>\n<h3 style=\"text-align: center;\"><span style=\"color: #3366ff;\">K\u0131\u015fla Mahallesi G\u00fcll\u00fck Caddesi No. 14 Cennet Apartman\u0131 Kat. 6 Daire. 19 Antalya<\/span><\/h3>\n<h3 style=\"text-align: center;\"><span style=\"color: #3366ff;\">(Katl\u0131 otopark yan\u0131.Simit Saray\u0131 \u00dcst\u00fc)<\/span><\/h3>\n<h3 style=\"text-align: center;\"><span style=\"color: #ff0000;\">\u00a0 \u00a0 0242 244 1457<\/span><\/h3>\n<h3 style=\"text-align: center;\"><span style=\"color: #ff0000;\">+9 0532 684 18 11<\/span><\/h3>\n<h3 style=\"text-align: center;\">av.mesutergin@hotmail.com<\/h3>\n<\/div><\/section>\n<div  class='av_gmaps_sc_main_wrap av_gmaps_main_wrap '><div id='av_gmap_0' class='avia-google-map-container avia-google-map-sc av_gmaps_show_unconditionally av-no-fallback-img ' data-mapid='av_gmap_0'  style='height: 400px;'><a class=\"av_gmaps_browser_disabled av_text_confirm_link av_text_confirm_link_visible\" href=\"https:\/\/www.google.com\/maps\/search\/?api=1&#038;query=K\u0131\u015fla%20Mahallesi%20G\u00fcll\u00fck%20Caddesi%20No.%2014%20%20%20Antalya%20%20T\u00fcrkiye\" target=\"_blank\">Maps were disabled by the visitor on this site. Click to open the map in a new window.<\/a><\/div><\/div>\n","protected":false},"excerpt":{"rendered":"","protected":false},"author":1,"featured_media":0,"parent":0,"menu_order":0,"comment_status":"closed","ping_status":"closed","template":"","meta":{"googlesitekit_rrm_CAowsPbCDA:productID":"","footnotes":""},"class_list":["post-30","page","type-page","status-publish","hentry"],"jetpack-related-posts":[],"jetpack_sharing_enabled":true,"_links":{"self":[{"href":"https:\/\/www.mesutergin.av.tr\/index.php\/wp-json\/wp\/v2\/pages\/30","targetHints":{"allow":["GET"]}}],"collection":[{"href":"https:\/\/www.mesutergin.av.tr\/index.php\/wp-json\/wp\/v2\/pages"}],"about":[{"href":"https:\/\/www.mesutergin.av.tr\/index.php\/wp-json\/wp\/v2\/types\/page"}],"author":[{"embeddable":true,"href":"https:\/\/www.mesutergin.av.tr\/index.php\/wp-json\/wp\/v2\/users\/1"}],"replies":[{"embeddable":true,"href":"https:\/\/www.mesutergin.av.tr\/index.php\/wp-json\/wp\/v2\/comments?post=30"}],"version-history":[{"count":40,"href":"https:\/\/www.mesutergin.av.tr\/index.php\/wp-json\/wp\/v2\/pages\/30\/revisions"}],"predecessor-version":[{"id":355,"href":"https:\/\/www.mesutergin.av.tr\/index.php\/wp-json\/wp\/v2\/pages\/30\/revisions\/355"}],"wp:attachment":[{"href":"https:\/\/www.mesutergin.av.tr\/index.php\/wp-json\/wp\/v2\/media?parent=30"}],"curies":[{"name":"wp","href":"https:\/\/api.w.org\/{rel}","templated":true}]}}