{"id":14,"date":"2016-01-24T10:13:57","date_gmt":"2016-01-24T08:13:57","guid":{"rendered":"http:\/\/www.mesutergin.av.tr\/?page_id=14"},"modified":"2016-04-12T18:03:20","modified_gmt":"2016-04-12T15:03:20","slug":"calisma-alanlarimiz","status":"publish","type":"page","link":"https:\/\/www.mesutergin.av.tr\/index.php\/calisma-alanlarimiz\/","title":{"rendered":"\u00c7al\u0131\u015fma Alanlar\u0131m\u0131z"},"content":{"rendered":"<p>\u0130\u015e VE SOSYAL G\u00dcVENL\u0130K HUKUKU :\u0130\u015f Hukukundan kaynaklanan K\u0131dem Tazminat\u0131,\u0130hbar Tazminat\u0131,\u00fccret alacaklar\u0131 ,Y\u0131ll\u0131k \u00dccretli izin alaca\u011f\u0131,fazla \u00e7al\u0131\u015fma \u00fccreti alaca\u011f\u0131,Ulusal Bayram ve Genel Tatil \u00dccreti alaca\u011f\u0131 davalar\u0131 ve Hizmet Tesbiti ve i\u015fe iade davalar\u0131,Toplu \u0130\u015f S\u00f6zle\u015fmesi&#8217;nden kaynaklanan davalar.<\/p>\n<p>M\u0130RAS VE E\u015eYA HUKUKU :\u00a0Ortakl\u0131\u011f\u0131n giderilmesi davalar\u0131,\u00a0Muvaza nedeniyle tapu iptali ve tescil davalar\u0131,\u00d6nal\u0131m davas\u0131,ge\u00e7it hakk\u0131 davalar\u0131.<\/p>\n<p>BOR\u00c7LAR HUKUKU : S\u00f6zle\u015fmelerden do\u011fan davalar,Haks\u0131z fiilden m\u00fctevellit maddi ve manevi tazminat davalar\u0131.<\/p>\n<p>\u0130DARE HUKUKU : \u0130darenin her t\u00fcrl\u00fc eylem ve i\u015flemlerinden do\u011fan \u0130ptal ve Tamyarg\u0131 davalar\u0131<\/p>\n<p>ENERJ\u0130 HUKUKU : 4734 \u00a0say\u0131l\u0131 Kamu \u0130hale Kanunu,4735 say\u0131l\u0131 Kamu \u0130hale S\u00f6zle\u015fmeleri Kanunu,6356 say\u0131l\u0131 Sendikalar ve Toplu \u0130\u015f S\u00f6zle\u015fmesi Kanunu&#8217;ndan do\u011fan dava ve uyu\u015fmazl\u0131klar\u0131n \u00e7\u00f6z\u00fcm\u00fc,Enerji Hukuku ile ilgili her t\u00fcrl\u00fc S\u00f6zle\u015fmelerin haz\u0131rlanmas\u0131<\/p>\n<p>\u015e\u0130RKETLER\u00a0 HUKUKU: 6102 say\u0131l\u0131 T\u00fcrk Ticaret Kanunu&#8217;nun uygulamas\u0131ndan do\u011fan her t\u00fcrl\u00fc dava ve uyu\u015fmazl\u0131klar\u0131n \u00e7\u00f6z\u00fcm\u00fc<\/p>\n<p>HUKUK\u0130 DANI\u015eMANLIK H\u0130ZMETLER\u0130 :Yukar\u0131daki faaliyet alanlar\u0131m\u0131z kapsam\u0131nda \u015firketlere Hukuki\u00a0Dan\u0131\u015fmanl\u0131k hizmeti sunmaktay\u0131z.<\/p>\n<p>&nbsp;<\/p>\n<p>&nbsp;<\/p>\n<p>&nbsp;<\/p>\n","protected":false},"excerpt":{"rendered":"<p>\u0130\u015e VE SOSYAL G\u00dcVENL\u0130K HUKUKU :\u0130\u015f Hukukundan kaynaklanan K\u0131dem Tazminat\u0131,\u0130hbar Tazminat\u0131,\u00fccret alacaklar\u0131 ,Y\u0131ll\u0131k \u00dccretli izin alaca\u011f\u0131,fazla \u00e7al\u0131\u015fma \u00fccreti alaca\u011f\u0131,Ulusal Bayram ve Genel Tatil \u00dccreti alaca\u011f\u0131 davalar\u0131 ve Hizmet Tesbiti ve i\u015fe iade davalar\u0131,Toplu \u0130\u015f S\u00f6zle\u015fmesi&#8217;nden kaynaklanan davalar. M\u0130RAS VE E\u015eYA HUKUKU :\u00a0Ortakl\u0131\u011f\u0131n giderilmesi davalar\u0131,\u00a0Muvaza nedeniyle tapu iptali ve tescil davalar\u0131,\u00d6nal\u0131m davas\u0131,ge\u00e7it hakk\u0131 davalar\u0131. BOR\u00c7LAR HUKUKU [&hellip;]<\/p>\n","protected":false},"author":1,"featured_media":0,"parent":0,"menu_order":0,"comment_status":"closed","ping_status":"closed","template":"","meta":{"googlesitekit_rrm_CAowsPbCDA:productID":"","footnotes":""},"class_list":["post-14","page","type-page","status-publish","hentry"],"jetpack-related-posts":[],"jetpack_sharing_enabled":true,"_links":{"self":[{"href":"https:\/\/www.mesutergin.av.tr\/index.php\/wp-json\/wp\/v2\/pages\/14","targetHints":{"allow":["GET"]}}],"collection":[{"href":"https:\/\/www.mesutergin.av.tr\/index.php\/wp-json\/wp\/v2\/pages"}],"about":[{"href":"https:\/\/www.mesutergin.av.tr\/index.php\/wp-json\/wp\/v2\/types\/page"}],"author":[{"embeddable":true,"href":"https:\/\/www.mesutergin.av.tr\/index.php\/wp-json\/wp\/v2\/users\/1"}],"replies":[{"embeddable":true,"href":"https:\/\/www.mesutergin.av.tr\/index.php\/wp-json\/wp\/v2\/comments?post=14"}],"version-history":[{"count":4,"href":"https:\/\/www.mesutergin.av.tr\/index.php\/wp-json\/wp\/v2\/pages\/14\/revisions"}],"predecessor-version":[{"id":95,"href":"https:\/\/www.mesutergin.av.tr\/index.php\/wp-json\/wp\/v2\/pages\/14\/revisions\/95"}],"wp:attachment":[{"href":"https:\/\/www.mesutergin.av.tr\/index.php\/wp-json\/wp\/v2\/media?parent=14"}],"curies":[{"name":"wp","href":"https:\/\/api.w.org\/{rel}","templated":true}]}}